{"id":13615,"date":"2023-03-06T20:19:35","date_gmt":"2023-03-06T20:19:35","guid":{"rendered":"http:\/\/moralescasa.com\/politica-de-privacitat\/"},"modified":"2023-08-19T09:40:20","modified_gmt":"2023-08-19T09:40:20","slug":"politica-de-privacidad","status":"publish","type":"page","link":"https:\/\/moralescasa.com\/es\/politica-de-privacidad\/","title":{"rendered":"Pol\u00edtica de privacidad"},"content":{"rendered":"<div class=\"wpb-content-wrapper\">\r\n<p>[vc_section full_width=\u00bbstretch_row\u00bb pix_over_visibility=\u00bb\u00bb css=\u00bb.vc_custom_1600640747972{padding-top: 80px !important;padding-bottom: 80px !important;}\u00bb][vc_row content_placement=\u00bbmiddle\u00bb pix_particles_check=\u00bb\u00bb css=\u00bb.vc_custom_1690109805741{padding-top: 30px !important;padding-bottom: 30px !important;}\u00bb][vc_column content_align=\u00bbtext-center\u00bb css=\u00bb.vc_custom_1592137735614{padding-right: 30px !important;padding-left: 30px !important;}\u00bb]<div id=\"el1686504194614-8af6c04c-4d83\" class=\"mb-3 text-center  vc_custom_1691750984627\"><h1 class=\"mb-32 pix-sliding-headline-2 animate-in font-weight-bold secondary-font \" data-anim-type=\"pix-sliding-text\" pix-anim-delay=\"500\" data-class=\"secondary-font text-gradient-primary\" style=\"\"><span class=\"slide-in-container \"><span class=\"pix-sliding-item secondary-font text-gradient-primary\" style=\"transition-delay: 0ms;\">Pol\u00edtica&#32;<\/span><\/span> <span class=\"slide-in-container \"><span class=\"pix-sliding-item secondary-font text-gradient-primary\" style=\"transition-delay: 150ms;\">de&#32;<\/span><\/span> <span class=\"slide-in-container \"><span class=\"pix-sliding-item secondary-font text-gradient-primary\" style=\"transition-delay: 300ms;\">privacidad&#32;<\/span><\/span> <\/h1><\/div>[\/vc_column][\/vc_row][\/vc_section][vc_row pix_particles_check=\u00bb\u00bb][vc_column][vc_column_text]<\/p>\r\n<p>En virtud del Reglamento (UE) 2016\/679 del Parlamento Europeo y del Consejo, de 27 de abril de 2016, y de la normativa vigente en materia de protecci\u00f3n de datos, ponemos en su conocimiento que el responsable del tratamiento de sus datos es TEXTIL HOGAR MORALES SL, con domicilio en CARRER PAU CASALS 35, 08291 RIPOLLET, y con correo electr\u00f3nico de contacto WEB@MORALESCASA.COM, en adelante \u201cTEXTIL HOGAR MORALES SL\u201d.<\/p>\r\n<ol>\r\n<li>FINALIDADES:<br \/>Las finalidades principales por las que TEXTIL HOGAR MORALES SL puede tratar sus datos, ya sean para cumplir con obligaciones legales, intereses leg\u00edtimos o en base a su consentimiento, son siempre la realizaci\u00f3n de gestiones relacionadas con nuestra labor de comunicaci\u00f3n y marketing.<\/li>\r\n<\/ol>\r\n<p>Tambi\u00e9n enviaremos, con cierta periodicidad, newsletters a la CARRER PAU CASALS 35, 08291 RIPOLLET de correo electr\u00f3nico que nos ha facilitado, siempre que usted haya prestado su consentimiento expreso para ello. Las newsletters son publicaciones digitales distribuidas mediante el correo electr\u00f3nico, consistentes en art\u00edculos que puedan ser de inter\u00e9s para usted, relacionados con los servicios que podemos ofrecerle en TEXTIL HOGAR MORALES SL.<\/p>\r\n<ol start=\"2\">\r\n<li>DATOS QUE SE TRATAN<br \/>Los datos que puede tratar el responsable del tratamiento incluyen, a t\u00edtulo enunciativo y no limitativo, las siguientes categor\u00edas: datos de identificaci\u00f3n, CARRER PAU CASALS 35, 08291 RIPOLLET postal o electr\u00f3nica, datos de detalles del lugar de trabajo y actividades profesionales.<\/li>\r\n<li>PLAZO DE CONSERVACI\u00d3N DE LOS DATOS.<br \/>Seg\u00fan la normativa de protecci\u00f3n de datos, los datos personales se conservar\u00e1n mientras sean necesarias para la finalidad del tratamiento y posteriormente se conservar\u00e1n debidamente bloqueadas, a disposici\u00f3n exclusiva de los organismos p\u00fablicos competentes y con el exclusivo fin de poder atender a posibles responsabilidades nacidas del tratamiento hasta finalizar los plazos de prescripciones legales establecidos por la normativa vigente.<\/li>\r\n<li>DESTINATARIOS A LOS QUE SE COMUNICAR\u00c1N LOS DATOS.<br \/>Los datos del interesado ser\u00e1n\u00a0siempre tratados en exclusividad por TEXTIL HOGAR MORALES SL.<\/li>\r\n<li>LEGITIMACI\u00d3N PARA EL TRATAMIENTO DE SUS DATOS.<br \/>La base legal para el tratamiento de datos en nuestra relaci\u00f3n con el cliente y otros interesados puede ser el consentimiento inequ\u00edvoco del interesado, la ejecuci\u00f3n de un contrato o aplicaci\u00f3n de medidas precontractuales a petici\u00f3n del interesado, el cumplimiento de obligaciones legales o la protecci\u00f3n de un inter\u00e9s vital, p\u00fablico o un inter\u00e9s leg\u00edtimo siempre que no prevalezcan los intereses o los derechos y libertades fundamentales del interesado.<\/li>\r\n<li>DERECHOS DEL INTERESADO.<br \/>Cualquier persona tiene derecho a obtener confirmaci\u00f3n sobre si en TEXTIL HOGAR MORALES SL estamos tratando datos personales que le conciernan o no.<\/li>\r\n<\/ol>\r\n<p>En cuanto a las personas interesadas y clientes que hayan prestado su consentimiento para el tratamiento de sus datos, pueden retirar dicho consentimiento en cualquier momento, sin que ello afecte a la licitud del tratamiento basado en el consentimiento previo a su retirada.<\/p>\r\n<p>Las personas interesadas y clientes tienen derecho a acceder a sus datos personales, as\u00ed como a solicitar la rectificaci\u00f3n de datos inexactos o, en su caso, solicitar su supresi\u00f3n cuando, entre otros motivos, los datos ya no sean necesarios para los fines que fueron recogidos.<\/p>\r\n<p>En determinadas circunstancias y por motivos relacionados con su situaci\u00f3n particular, los clientes o interesados podr\u00e1n oponerse al tratamiento de sus datos. TEXTIL HOGAR MORALES SL dejar\u00e1 de tratar los datos salvo para el cumplimiento de obligaciones legales.<\/p>\r\n<p>En determinadas circunstancias, los clientes o interesados podr\u00e1n solicitar la limitaci\u00f3n del tratamiento, de modo que TEXTIL HOGAR MORALES SL s\u00f3lo los reservar\u00e1 y utilizar\u00e1 en los casos autorizados por la Ley.<\/p>\r\n<p>Cuando los datos se recogen en un formato estructurado, los clientes o interesados podr\u00e1n pedir a TEXTIL HOGAR MORALES SL la portabilidad de sus datos a otros responsables o recibir sus datos en formato electr\u00f3nico, para almacenarlos en sus dispositivos propios, sin necesidad de transmitirlos a otros responsables.<\/p>\r\n<p>El interesado podr\u00e1 ejercer dichos derechos mediante el env\u00edo de un correo electr\u00f3nico a la CARRER PAU CASALS 35, 08291 RIPOLLET WEB@MORALESCASA.COM adjuntando fotocopia del DNI o documento identificativo sustitutorio e indicando claramente el derecho que desea ejercer. As\u00edmismo podr\u00e1 realizar la solicitud por correo postal a la CARRER PAU CASALS 35, 08291 RIPOLLET indicada anteriormente.<\/p>\r\n<p>Finalmente, informamos a los interesados de que pueden presentar una reclamaci\u00f3n relacionada con el tratamiento de sus datos personales ante la Autoridad de Control, tal como la Autoridad Catalana de Protecci\u00f3n de Datos, en calle Rossell\u00f3 214, Esc A, 1\u00ba 1\u00aa, 08008, Barcelona, con tel\u00e9fono 935527800.<\/p>\r\n<p>[\/vc_column_text][\/vc_column][\/vc_row]<\/p>\r\n<\/div>","protected":false},"excerpt":{"rendered":"[vc_section full_width=\u00bbstretch_row\u00bb pix_over_visibility=\u00bb\u00bb css=\u00bb.vc_custom_1600640747972{padding-top: 80px !important;padding-bottom: 80px !important;}\u00bb][vc_row content_placement=\u00bbmiddle\u00bb pix_particles_check=\u00bb\u00bb css=\u00bb.vc_custom_1690109805741{padding-top: 30px !important;padding-bottom: 30px !important;}\u00bb][vc_column content_align=\u00bbtext-center\u00bb css=\u00bb.vc_custom_1592137735614{padding-right: 30px !important;padding-left: 30px !important;}\u00bb][\/vc_column][\/vc_row][\/vc_section][vc_row pix_particles_check=\u00bb\u00bb][vc_column][vc_column_text] En virtud del Reglamento (UE) 2016\/679 del Parlamento Europeo y del Consejo, de 27 de abril de 2016,&#8230;","protected":false},"author":1,"featured_media":0,"parent":0,"menu_order":0,"comment_status":"closed","ping_status":"open","template":"","meta":{"footnotes":""},"class_list":["post-13615","page","type-page","status-publish","hentry"],"yoast_head":"<!-- This site is optimized with the Yoast SEO plugin v25.5 - https:\/\/yoast.com\/wordpress\/plugins\/seo\/ -->\n<title>Pol\u00edtica de privacidad - Morales Casa<\/title>\n<meta name=\"robots\" content=\"index, follow, max-snippet:-1, max-image-preview:large, max-video-preview:-1\" \/>\n<link rel=\"canonical\" href=\"https:\/\/moralescasa.com\/es\/politica-de-privacidad\/\" \/>\n<meta property=\"og:locale\" content=\"es_ES\" \/>\n<meta property=\"og:type\" content=\"article\" \/>\n<meta property=\"og:title\" content=\"Pol\u00edtica de privacidad - Morales Casa\" \/>\n<meta property=\"og:description\" content=\"[vc_section full_width=\u00bbstretch_row\u00bb pix_over_visibility=\u00bb\u00bb css=\u00bb.vc_custom_1600640747972{padding-top: 80px !important;padding-bottom: 80px !important;}\u00bb][vc_row content_placement=\u00bbmiddle\u00bb pix_particles_check=\u00bb\u00bb css=\u00bb.vc_custom_1690109805741{padding-top: 30px !important;padding-bottom: 30px !important;}\u00bb][vc_column content_align=\u00bbtext-center\u00bb css=\u00bb.vc_custom_1592137735614{padding-right: 30px !important;padding-left: 30px !important;}\u00bb][\/vc_column][\/vc_row][\/vc_section][vc_row pix_particles_check=\u00bb\u00bb][vc_column][vc_column_text] En virtud del Reglamento (UE) 2016\/679 del Parlamento Europeo y del Consejo, de 27 de abril de 2016,...\" \/>\n<meta property=\"og:url\" content=\"https:\/\/moralescasa.com\/es\/politica-de-privacidad\/\" \/>\n<meta property=\"og:site_name\" content=\"Morales Casa\" \/>\n<meta property=\"article:publisher\" content=\"https:\/\/es-la.facebook.com\/moralesCasa\/\" \/>\n<meta property=\"article:modified_time\" content=\"2023-08-19T09:40:20+00:00\" \/>\n<meta property=\"og:image\" content=\"https:\/\/moralescasa.com\/wp-content\/uploads\/2023\/08\/botiga-morales-casa-2.jpg\" \/>\n\t<meta property=\"og:image:width\" content=\"1024\" \/>\n\t<meta property=\"og:image:height\" content=\"768\" \/>\n\t<meta property=\"og:image:type\" content=\"image\/jpeg\" \/>\n<meta name=\"twitter:card\" content=\"summary_large_image\" \/>\n<meta name=\"twitter:label1\" content=\"Tiempo de lectura\" \/>\n\t<meta name=\"twitter:data1\" content=\"4 minutos\" \/>\n<script type=\"application\/ld+json\" class=\"yoast-schema-graph\">{\"@context\":\"https:\/\/schema.org\",\"@graph\":[{\"@type\":\"WebPage\",\"@id\":\"https:\/\/moralescasa.com\/es\/politica-de-privacidad\/\",\"url\":\"https:\/\/moralescasa.com\/es\/politica-de-privacidad\/\",\"name\":\"Pol\u00edtica de privacidad - Morales Casa\",\"isPartOf\":{\"@id\":\"https:\/\/moralescasa.com\/es\/#website\"},\"datePublished\":\"2023-03-06T20:19:35+00:00\",\"dateModified\":\"2023-08-19T09:40:20+00:00\",\"breadcrumb\":{\"@id\":\"https:\/\/moralescasa.com\/es\/politica-de-privacidad\/#breadcrumb\"},\"inLanguage\":\"es\",\"potentialAction\":[{\"@type\":\"ReadAction\",\"target\":[\"https:\/\/moralescasa.com\/es\/politica-de-privacidad\/\"]}]},{\"@type\":\"BreadcrumbList\",\"@id\":\"https:\/\/moralescasa.com\/es\/politica-de-privacidad\/#breadcrumb\",\"itemListElement\":[{\"@type\":\"ListItem\",\"position\":1,\"name\":\"Inici\",\"item\":\"https:\/\/moralescasa.com\/es\/\"},{\"@type\":\"ListItem\",\"position\":2,\"name\":\"Pol\u00edtica de privacidad\"}]},{\"@type\":\"WebSite\",\"@id\":\"https:\/\/moralescasa.com\/es\/#website\",\"url\":\"https:\/\/moralescasa.com\/es\/\",\"name\":\"Morales Casa\",\"description\":\"\",\"publisher\":{\"@id\":\"https:\/\/moralescasa.com\/es\/#organization\"},\"potentialAction\":[{\"@type\":\"SearchAction\",\"target\":{\"@type\":\"EntryPoint\",\"urlTemplate\":\"https:\/\/moralescasa.com\/es\/?s={search_term_string}\"},\"query-input\":{\"@type\":\"PropertyValueSpecification\",\"valueRequired\":true,\"valueName\":\"search_term_string\"}}],\"inLanguage\":\"es\"},{\"@type\":\"Organization\",\"@id\":\"https:\/\/moralescasa.com\/es\/#organization\",\"name\":\"Morales Casa\",\"url\":\"https:\/\/moralescasa.com\/es\/\",\"logo\":{\"@type\":\"ImageObject\",\"inLanguage\":\"es\",\"@id\":\"https:\/\/moralescasa.com\/es\/#\/schema\/logo\/image\/\",\"url\":\"https:\/\/moralescasa.com\/wp-content\/uploads\/2023\/03\/favicon.png\",\"contentUrl\":\"https:\/\/moralescasa.com\/wp-content\/uploads\/2023\/03\/favicon.png\",\"width\":120,\"height\":120,\"caption\":\"Morales Casa\"},\"image\":{\"@id\":\"https:\/\/moralescasa.com\/es\/#\/schema\/logo\/image\/\"},\"sameAs\":[\"https:\/\/es-la.facebook.com\/moralesCasa\/\",\"https:\/\/www.instagram.com\/morales.casa\/\",\"https:\/\/www.linkedin.com\/company\/morales-casa\/about\/\"]}]}<\/script>\n<!-- \/ Yoast SEO plugin. -->","yoast_head_json":{"title":"Pol\u00edtica de privacidad - Morales Casa","robots":{"index":"index","follow":"follow","max-snippet":"max-snippet:-1","max-image-preview":"max-image-preview:large","max-video-preview":"max-video-preview:-1"},"canonical":"https:\/\/moralescasa.com\/es\/politica-de-privacidad\/","og_locale":"es_ES","og_type":"article","og_title":"Pol\u00edtica de privacidad - Morales Casa","og_description":"[vc_section full_width=\u00bbstretch_row\u00bb pix_over_visibility=\u00bb\u00bb css=\u00bb.vc_custom_1600640747972{padding-top: 80px !important;padding-bottom: 80px !important;}\u00bb][vc_row content_placement=\u00bbmiddle\u00bb pix_particles_check=\u00bb\u00bb css=\u00bb.vc_custom_1690109805741{padding-top: 30px !important;padding-bottom: 30px !important;}\u00bb][vc_column content_align=\u00bbtext-center\u00bb css=\u00bb.vc_custom_1592137735614{padding-right: 30px !important;padding-left: 30px !important;}\u00bb][\/vc_column][\/vc_row][\/vc_section][vc_row pix_particles_check=\u00bb\u00bb][vc_column][vc_column_text] En virtud del Reglamento (UE) 2016\/679 del Parlamento Europeo y del Consejo, de 27 de abril de 2016,...","og_url":"https:\/\/moralescasa.com\/es\/politica-de-privacidad\/","og_site_name":"Morales Casa","article_publisher":"https:\/\/es-la.facebook.com\/moralesCasa\/","article_modified_time":"2023-08-19T09:40:20+00:00","og_image":[{"width":1024,"height":768,"url":"https:\/\/moralescasa.com\/wp-content\/uploads\/2023\/08\/botiga-morales-casa-2.jpg","type":"image\/jpeg"}],"twitter_card":"summary_large_image","twitter_misc":{"Tiempo de lectura":"4 minutos"},"schema":{"@context":"https:\/\/schema.org","@graph":[{"@type":"WebPage","@id":"https:\/\/moralescasa.com\/es\/politica-de-privacidad\/","url":"https:\/\/moralescasa.com\/es\/politica-de-privacidad\/","name":"Pol\u00edtica de privacidad - Morales Casa","isPartOf":{"@id":"https:\/\/moralescasa.com\/es\/#website"},"datePublished":"2023-03-06T20:19:35+00:00","dateModified":"2023-08-19T09:40:20+00:00","breadcrumb":{"@id":"https:\/\/moralescasa.com\/es\/politica-de-privacidad\/#breadcrumb"},"inLanguage":"es","potentialAction":[{"@type":"ReadAction","target":["https:\/\/moralescasa.com\/es\/politica-de-privacidad\/"]}]},{"@type":"BreadcrumbList","@id":"https:\/\/moralescasa.com\/es\/politica-de-privacidad\/#breadcrumb","itemListElement":[{"@type":"ListItem","position":1,"name":"Inici","item":"https:\/\/moralescasa.com\/es\/"},{"@type":"ListItem","position":2,"name":"Pol\u00edtica de privacidad"}]},{"@type":"WebSite","@id":"https:\/\/moralescasa.com\/es\/#website","url":"https:\/\/moralescasa.com\/es\/","name":"Morales Casa","description":"","publisher":{"@id":"https:\/\/moralescasa.com\/es\/#organization"},"potentialAction":[{"@type":"SearchAction","target":{"@type":"EntryPoint","urlTemplate":"https:\/\/moralescasa.com\/es\/?s={search_term_string}"},"query-input":{"@type":"PropertyValueSpecification","valueRequired":true,"valueName":"search_term_string"}}],"inLanguage":"es"},{"@type":"Organization","@id":"https:\/\/moralescasa.com\/es\/#organization","name":"Morales Casa","url":"https:\/\/moralescasa.com\/es\/","logo":{"@type":"ImageObject","inLanguage":"es","@id":"https:\/\/moralescasa.com\/es\/#\/schema\/logo\/image\/","url":"https:\/\/moralescasa.com\/wp-content\/uploads\/2023\/03\/favicon.png","contentUrl":"https:\/\/moralescasa.com\/wp-content\/uploads\/2023\/03\/favicon.png","width":120,"height":120,"caption":"Morales Casa"},"image":{"@id":"https:\/\/moralescasa.com\/es\/#\/schema\/logo\/image\/"},"sameAs":["https:\/\/es-la.facebook.com\/moralesCasa\/","https:\/\/www.instagram.com\/morales.casa\/","https:\/\/www.linkedin.com\/company\/morales-casa\/about\/"]}]}},"_links":{"self":[{"href":"https:\/\/moralescasa.com\/es\/wp-json\/wp\/v2\/pages\/13615","targetHints":{"allow":["GET"]}}],"collection":[{"href":"https:\/\/moralescasa.com\/es\/wp-json\/wp\/v2\/pages"}],"about":[{"href":"https:\/\/moralescasa.com\/es\/wp-json\/wp\/v2\/types\/page"}],"author":[{"embeddable":true,"href":"https:\/\/moralescasa.com\/es\/wp-json\/wp\/v2\/users\/1"}],"replies":[{"embeddable":true,"href":"https:\/\/moralescasa.com\/es\/wp-json\/wp\/v2\/comments?post=13615"}],"version-history":[{"count":4,"href":"https:\/\/moralescasa.com\/es\/wp-json\/wp\/v2\/pages\/13615\/revisions"}],"predecessor-version":[{"id":14187,"href":"https:\/\/moralescasa.com\/es\/wp-json\/wp\/v2\/pages\/13615\/revisions\/14187"}],"wp:attachment":[{"href":"https:\/\/moralescasa.com\/es\/wp-json\/wp\/v2\/media?parent=13615"}],"curies":[{"name":"wp","href":"https:\/\/api.w.org\/{rel}","templated":true}]}}