{"id":13947,"date":"2023-08-11T10:50:19","date_gmt":"2023-08-11T10:50:19","guid":{"rendered":"http:\/\/moralescasa.com\/?page_id=13947"},"modified":"2023-08-19T09:23:22","modified_gmt":"2023-08-19T09:23:22","slug":"aviso-legal","status":"publish","type":"page","link":"https:\/\/moralescasa.com\/es\/aviso-legal\/","title":{"rendered":"Aviso Legal"},"content":{"rendered":"<div class=\"wpb-content-wrapper\">[vc_section full_width=\u00bbstretch_row\u00bb pix_over_visibility=\u00bb\u00bb css=\u00bb.vc_custom_1600640747972{padding-top: 80px !important;padding-bottom: 80px !important;}\u00bb][vc_row content_placement=\u00bbmiddle\u00bb pix_particles_check=\u00bb\u00bb css=\u00bb.vc_custom_1690109805741{padding-top: 30px !important;padding-bottom: 30px !important;}\u00bb][vc_column content_align=\u00bbtext-center\u00bb css=\u00bb.vc_custom_1592137735614{padding-right: 30px !important;padding-left: 30px !important;}\u00bb]<div id=\"el1686504194614-8af6c04c-4d83\" class=\"mb-3 text-center  vc_custom_1691750984627\"><h1 class=\"mb-32 pix-sliding-headline-2 animate-in font-weight-bold secondary-font \" data-anim-type=\"pix-sliding-text\" pix-anim-delay=\"500\" data-class=\"secondary-font text-gradient-primary\" style=\"\"><span class=\"slide-in-container \"><span class=\"pix-sliding-item secondary-font text-gradient-primary\" style=\"transition-delay: 0ms;\">Aviso&#32;<\/span><\/span> <span class=\"slide-in-container \"><span class=\"pix-sliding-item secondary-font text-gradient-primary\" style=\"transition-delay: 150ms;\">Legal&#32;<\/span><\/span> <\/h1><\/div>[\/vc_column][\/vc_row][\/vc_section][vc_row pix_particles_check=\u00bb\u00bb][vc_column][vc_column_text]\r\n\r\nTEXTIL HOGAR MORALES SL, CALLE PAU CASALS 35 08291 RIPOLLET, BARCELONA B60445020, pone a disposici\u00f3n en su sitio web moralescasa.com determinados contenidos de car\u00e1cter informativo sobre sus actividades.\r\n\r\nLas presentes condiciones generales rigen \u00fanica y exclusivamente el uso del sitio web de TEXTIL HOGAR MORALES SL por parte de los USUARIOS que accedan al mismo. Las presentes condiciones generales se le exponen al USUARIO en el sitio web moralescasa.com en todas y cada una de las p\u00e1ginas y cada vez que un usuario introduce sus datos en los formularios existentes, para que los lea, los imprima, archive y acepte a trav\u00e9s de internet, no pudiendo el USUARIO introducir sus datos efectivamente sin que se haya producido esta aceptaci\u00f3n.\r\n\r\nEl acceso al sitio web de TEXTIL HOGAR MORALES SL implica sin reservas la aceptaci\u00f3n de las presentes condiciones generales de uso que el USUARIO afirma comprender en su totalidad. El usuario se compromete a no utilizar el sitio web y los servicios que se ofrecen en el mismo para la realizaci\u00f3n de actividades contrarias a la ley y a respetar en todo momento las presentes condiciones generales.\r\n\r\n<strong>PRIMERA.-<\/strong> El sitio web de TEXTIL HOGAR MORALES SL ha sido realizado por un lado, con el fin de poner a disposici\u00f3n de terceros informaci\u00f3n sobre sus actividades y por el otro, poner a disposici\u00f3n de los usuarios la posibilidad de contactar con TEXTIL HOGAR MORALES SL para solicitar informaci\u00f3n adicional.\r\n\r\n<strong>SEGUNDA.- CONDICIONES DE ACCESO Y USO<\/strong>\r\n\r\n<strong>2.1.-<\/strong> La utilizaci\u00f3n del sitio web de TEXTIL HOGAR MORALES SL no comporta la obligatoriedad de inscripci\u00f3n del USUARIO, excepto si este USUARIO desee utilizar la base de datos de art\u00edculos existentes en moralescasa.comon ser\u00e1 necesario que se registre cubriendo un formulario b\u00e1sico, esta suscripci\u00f3n se regir\u00e1 por las condiciones generales espec\u00edficas. Las condiciones de acceso y uso del presente sitio web se rigen estrictamente por la legalidad vigente y por el principio de buena fe comprometi\u00e9ndose el USUARIO a realizar un buen uso de la web. Quedan prohibidos todos los actos que vulneren la legalidad, derechos o intereses de terceros: derecho a la intimidad, protecci\u00f3n de datos, propiedad intelectual etc. Expresamente TEXTIL HOGAR MORALES SL proh\u00edbe los siguientes:\r\n\r\n<strong>2.1.1.-<\/strong> Realizar acciones que puedan producir en el sitio web o a trav\u00e9s del mismo por cualquier medio cualquier tipo de da\u00f1o a los sistemas de TEXTIL HOGAR MORALES SL o de terceros.\r\n\r\n<strong>2.1.2.-<\/strong> Realizar sin la debida autorizaci\u00f3n cualquier tipo de publicidad o informaci\u00f3n comercial directamente o de forma encubierta, el env\u00edo de correos masivos (\u00abspamming\u00bb) o env\u00edo de grandes mensajes con la finalidad de bloquear servidores de la red (\u00abmail bombing\u00bb)\r\n\r\n<strong>2.2. ~~~-<\/strong> TEXTIL HOGAR MORALES SL podr\u00e1 interrumpir en cualquier momento el acceso a su sitio web si detecta un uso contrario a la legalidad, la buena fe o a las presentes condiciones generales- ver cl\u00e1usula quinta.\r\n\r\n<strong>TERCERA CONTENIDOS<\/strong>. Los contenidos incorporados en este sitio web han sido elaborados e incluidos por:\r\n\r\n<strong>3.1. ~~~-<\/strong> TEXTIL HOGAR MORALES SL utilizando fuentes internas y externas de tal manera que TEXTIL HOGAR MORALES SL \u00fanicamente se hace responsable por los contenidos elaborados de forma interna.\r\n\r\n<strong>3.2. ~~~-<\/strong> Terceros ajenos a, TEXTIL HOGAR MORALES SL bien mediante colaboraciones directas en el sitio web o bien presentes a trav\u00e9s de links en otros sitios web o en los noticias de otros sitios de los que no es titular TEXTIL HOGAR MORALES SL. TEXTIL HOGAR MORALES SL en ning\u00fan caso ser\u00e1 responsable de los contenidos as\u00ed introducidos y no garantiza el correcto funcionamiento de todos estos links o hiperenlaces. El USUARIO que desee establecer un hiperenlace en su sitio web en el sitio web de TEXTIL HOGAR MORALES SL no realizar\u00e1 un uso ilegal o contrario a la buena fe de las informaciones puestas a disposici\u00f3n en el referido sitio web.\r\n\r\n<strong>3.3. ~~~-<\/strong> TEXTIL HOGAR MORALES SL se reserva el derecho a modificar en cualquier momento los contenidos existentes en su sitio web.\r\n\r\n<strong>CUARTA.- RESPONSABILIDAD.-<\/strong>\r\n\r\n<strong>4.1. ~~~-<\/strong> TEXTIL HOGAR MORALES SL en ning\u00fan caso ser\u00e1 responsable de:\r\n\r\n<strong>4.1.1.-<\/strong> Los fallos e incidencias que pudieran producirse en las comunicaciones, borrado o transmisiones incompletas de manera que no se garantiza que los servicios del sitio web est\u00e9n constantemente operativos\r\n\r\n<strong>4.1.2.-<\/strong> De la producci\u00f3n de cualquier tipo de da\u00f1o que los USUARIOS o terceros pudieran ocasionar al sitio web.\r\n\r\n<strong>4.1.3.-<\/strong> De las condiciones o caracter\u00edsticas de los art\u00edculos que se ofrecen en el sitio web.\r\n\r\nTEXTIL HOGAR MORALES SL simplemente pone en contacto a empresas y profesionales que ofrecen o demandan estos art\u00edculos pero no se responsabiliza de las negociaciones o acuerdos posteriores que realicen estas empresas o profesionales quedando \u00fanica y exclusivamente la buena marcha de la compraventa en manos de estos usuarios\r\n\r\n<strong>4.2. ~~~-<\/strong> TEXTIL HOGAR MORALES SL se reserva el derecho a suspender el acceso sin previo aviso de forma discrecional y con car\u00e1cter definitivo o temporal hasta el aseguramiento de la efectiva responsabilidad de los da\u00f1os que pudieran producirse. Asimismo, TEXTIL HOGAR MORALES SL colaborar\u00e1 y notificar\u00e1 a la autoridad competente estas incidencias en el momento en que tenga conocimiento fehaciente de que los da\u00f1os ocasionados constituyan cualquier tipo de actividad il\u00edcita.\r\n\r\n<strong>4.3. ~~~-<\/strong> TEXTIL HOGAR MORALES SL asume las responsabilidades que puedan derivarse de la prestaci\u00f3n de los servicios que ofrece en los l\u00edmites y tal como se especifica en las diferentes condiciones generales de contrataci\u00f3n de los servicios que se ponen a disposici\u00f3n del usuario.\r\n\r\n<strong>QUINTA.- DERECHOS DE AUTOR Y MARCA<\/strong> TEXTIL HOGAR MORALES SL es una marca registrada. Queda prohibida la utilizaci\u00f3n ajena por cualquier medio de la marca de TEXTIL HOGAR MORALES SL, que incluye tanto el nombre como el logotipo, excepto consentimiento expreso de TEXTIL HOGAR MORALES SL. Quedan reservados todos los derechos. Adem\u00e1s, el sitio web de TEXTIL HOGAR MORALES SL los contenidos propios, la programaci\u00f3n y el dise\u00f1o del sitio web- se encuentra plenamente protegido por los derechos de autor, quedando expresamente prohibida toda reproducci\u00f3n, comunicaci\u00f3n, distribuci\u00f3n y transformaci\u00f3n de los referidos elementos protegidos excepto consentimiento expreso de TEXTIL HOGAR MORALES SL.\r\n\r\n<strong>SEXTA.- JURISDICCI\u00d3N Y LEY APLICABLE.-<\/strong> Las presentes condiciones generales se rigen por la legislaci\u00f3n espa\u00f1ola. Son competentes para resolver toda controversia o conflicto que se derive de las presentes condiciones generales los Juzgados de Tarragona renunciando expresamente el USUARIO a cualquier otro fuero que pudiera corresponderle.\r\n\r\n<strong>S\u00c9PTIMA:<\/strong> En caso de que cualquier cl\u00e1usula del presente documento sea declarada nula, el resto se mantendr\u00e1n vigentes y se interpretar\u00e1n teniendo en cuenta la voluntad de las partes y la finalidad misma de las presentes condiciones. TEXTIL HOGAR MORALES SL podr\u00e1 no ejercitar alguno de los derechos y facultades conferidos en este documento lo que no implicar\u00e1 en ning\u00fan caso la renuncia a los mismos salvo reconocimiento expreso por parte de TEXTIL HOGAR MORALES SL.\r\n\r\n&nbsp;\r\n\r\n<strong>Utilizaci\u00f3n de cookies<\/strong>\r\n\r\nTEXTIL HOGAR MORALES SL utiliza cookies para obtener informaci\u00f3n y realizar an\u00e1lisis estad\u00edsticos sobre el uso del sitio web moralescasa.com-que siempre se puede tambi\u00e9n consultar y utilizar de forma an\u00f3nima y para permitir el funcionamiento de algunos servicios. Las cookies que utiliza TEXTIL HOGAR MORALES SL son an\u00f3nimas y no se refieren a los datos personales del usuario ni se puede acceder mediante los mismos en ning\u00fan caso a los datos que el usuario pueda tener en su disco duro. La identidad del usuario nunca es insertada directamente en la cookie y por lo tanto no es interceptable. Las \u00fanicas cookies no an\u00f3nimas, es decir, que permiten la identificaci\u00f3n, s\u00f3lo se pueden asignar previa autorizaci\u00f3n del usuario cuando desea tener identificaci\u00f3n inmediata para acceder a \u00e1reas restringidas del sitio web sin que el usuario inserte manualmente sus claves. En todo caso, si el usuario desea que no se instalen estas cookies tiene la posibilidad de configurar su navegador para impedirlo sin que se produzca ninguna alteraci\u00f3n o modificaci\u00f3n en el uso del sitio web de TEXTIL HOGAR MORALES SL.\r\n\r\n<strong>*Otros<\/strong>\r\n\r\nEn caso de que cualquier cl\u00e1usula del presente documento sea declarada nula, el resto se mantendr\u00e1n vigentes y se interpretar\u00e1n teniendo en cuenta la voluntad de las partes y la finalidad misma de las presentes condiciones. TEXTIL HOGAR MORALES SL podr\u00e1 no ejercitar alguno de los derechos y facultades conferidos en este documento, lo que no implicar\u00e1 en ning\u00fan caso la renuncia a los mismos, salvo reconocimiento expreso por parte de TEXTIL HOGAR MORALES SL.\r\n\r\n[\/vc_column_text][\/vc_column][\/vc_row]<\/div>","protected":false},"excerpt":{"rendered":"[vc_section full_width=\u00bbstretch_row\u00bb pix_over_visibility=\u00bb\u00bb css=\u00bb.vc_custom_1600640747972{padding-top: 80px !important;padding-bottom: 80px !important;}\u00bb][vc_row content_placement=\u00bbmiddle\u00bb pix_particles_check=\u00bb\u00bb css=\u00bb.vc_custom_1690109805741{padding-top: 30px !important;padding-bottom: 30px !important;}\u00bb][vc_column content_align=\u00bbtext-center\u00bb css=\u00bb.vc_custom_1592137735614{padding-right: 30px !important;padding-left: 30px !important;}\u00bb][\/vc_column][\/vc_row][\/vc_section][vc_row pix_particles_check=\u00bb\u00bb][vc_column][vc_column_text] TEXTIL HOGAR MORALES SL, CALLE PAU CASALS 35 08291 RIPOLLET, BARCELONA B60445020, pone a disposici\u00f3n en su sitio&#8230;","protected":false},"author":2,"featured_media":0,"parent":0,"menu_order":0,"comment_status":"closed","ping_status":"open","template":"","meta":{"footnotes":""},"class_list":["post-13947","page","type-page","status-publish","hentry"],"yoast_head":"<!-- This site is optimized with the Yoast SEO plugin v27.5 - https:\/\/yoast.com\/product\/yoast-seo-wordpress\/ -->\n<title>Aviso Legal - Morales Casa<\/title>\n<meta name=\"robots\" content=\"index, follow, max-snippet:-1, max-image-preview:large, max-video-preview:-1\" \/>\n<link rel=\"canonical\" href=\"https:\/\/moralescasa.com\/es\/aviso-legal\/\" \/>\n<meta property=\"og:locale\" content=\"es_ES\" \/>\n<meta property=\"og:type\" content=\"article\" \/>\n<meta property=\"og:title\" content=\"Aviso Legal - Morales Casa\" \/>\n<meta property=\"og:description\" content=\"[vc_section full_width=\u00bbstretch_row\u00bb pix_over_visibility=\u00bb\u00bb css=\u00bb.vc_custom_1600640747972{padding-top: 80px !important;padding-bottom: 80px !important;}\u00bb][vc_row content_placement=\u00bbmiddle\u00bb pix_particles_check=\u00bb\u00bb css=\u00bb.vc_custom_1690109805741{padding-top: 30px !important;padding-bottom: 30px !important;}\u00bb][vc_column content_align=\u00bbtext-center\u00bb css=\u00bb.vc_custom_1592137735614{padding-right: 30px !important;padding-left: 30px !important;}\u00bb][\/vc_column][\/vc_row][\/vc_section][vc_row pix_particles_check=\u00bb\u00bb][vc_column][vc_column_text] TEXTIL HOGAR MORALES SL, CALLE PAU CASALS 35 08291 RIPOLLET, BARCELONA B60445020, pone a disposici\u00f3n en su sitio...\" \/>\n<meta property=\"og:url\" content=\"https:\/\/moralescasa.com\/es\/aviso-legal\/\" \/>\n<meta property=\"og:site_name\" content=\"Morales Casa\" \/>\n<meta property=\"article:publisher\" content=\"https:\/\/es-la.facebook.com\/moralesCasa\/\" \/>\n<meta property=\"article:modified_time\" content=\"2023-08-19T09:23:22+00:00\" \/>\n<meta property=\"og:image\" content=\"https:\/\/moralescasa.com\/wp-content\/uploads\/2023\/08\/botiga-morales-casa-2.jpg\" \/>\n\t<meta property=\"og:image:width\" content=\"1024\" \/>\n\t<meta property=\"og:image:height\" content=\"768\" \/>\n\t<meta property=\"og:image:type\" content=\"image\/jpeg\" \/>\n<meta name=\"twitter:card\" content=\"summary_large_image\" \/>\n<meta name=\"twitter:label1\" content=\"Tiempo de lectura\" \/>\n\t<meta name=\"twitter:data1\" content=\"8 minutos\" \/>\n<script type=\"application\/ld+json\" class=\"yoast-schema-graph\">{\"@context\":\"https:\\\/\\\/schema.org\",\"@graph\":[{\"@type\":\"WebPage\",\"@id\":\"https:\\\/\\\/moralescasa.com\\\/es\\\/aviso-legal\\\/\",\"url\":\"https:\\\/\\\/moralescasa.com\\\/es\\\/aviso-legal\\\/\",\"name\":\"Aviso Legal - Morales Casa\",\"isPartOf\":{\"@id\":\"https:\\\/\\\/moralescasa.com\\\/es\\\/#website\"},\"datePublished\":\"2023-08-11T10:50:19+00:00\",\"dateModified\":\"2023-08-19T09:23:22+00:00\",\"breadcrumb\":{\"@id\":\"https:\\\/\\\/moralescasa.com\\\/es\\\/aviso-legal\\\/#breadcrumb\"},\"inLanguage\":\"es\",\"potentialAction\":[{\"@type\":\"ReadAction\",\"target\":[\"https:\\\/\\\/moralescasa.com\\\/es\\\/aviso-legal\\\/\"]}]},{\"@type\":\"BreadcrumbList\",\"@id\":\"https:\\\/\\\/moralescasa.com\\\/es\\\/aviso-legal\\\/#breadcrumb\",\"itemListElement\":[{\"@type\":\"ListItem\",\"position\":1,\"name\":\"Inici\",\"item\":\"https:\\\/\\\/moralescasa.com\\\/es\\\/\"},{\"@type\":\"ListItem\",\"position\":2,\"name\":\"Aviso Legal\"}]},{\"@type\":\"WebSite\",\"@id\":\"https:\\\/\\\/moralescasa.com\\\/es\\\/#website\",\"url\":\"https:\\\/\\\/moralescasa.com\\\/es\\\/\",\"name\":\"Morales Casa\",\"description\":\"\",\"publisher\":{\"@id\":\"https:\\\/\\\/moralescasa.com\\\/es\\\/#organization\"},\"potentialAction\":[{\"@type\":\"SearchAction\",\"target\":{\"@type\":\"EntryPoint\",\"urlTemplate\":\"https:\\\/\\\/moralescasa.com\\\/es\\\/?s={search_term_string}\"},\"query-input\":{\"@type\":\"PropertyValueSpecification\",\"valueRequired\":true,\"valueName\":\"search_term_string\"}}],\"inLanguage\":\"es\"},{\"@type\":\"Organization\",\"@id\":\"https:\\\/\\\/moralescasa.com\\\/es\\\/#organization\",\"name\":\"Morales Casa\",\"url\":\"https:\\\/\\\/moralescasa.com\\\/es\\\/\",\"logo\":{\"@type\":\"ImageObject\",\"inLanguage\":\"es\",\"@id\":\"https:\\\/\\\/moralescasa.com\\\/es\\\/#\\\/schema\\\/logo\\\/image\\\/\",\"url\":\"https:\\\/\\\/moralescasa.com\\\/wp-content\\\/uploads\\\/2023\\\/03\\\/favicon.png\",\"contentUrl\":\"https:\\\/\\\/moralescasa.com\\\/wp-content\\\/uploads\\\/2023\\\/03\\\/favicon.png\",\"width\":120,\"height\":120,\"caption\":\"Morales Casa\"},\"image\":{\"@id\":\"https:\\\/\\\/moralescasa.com\\\/es\\\/#\\\/schema\\\/logo\\\/image\\\/\"},\"sameAs\":[\"https:\\\/\\\/es-la.facebook.com\\\/moralesCasa\\\/\",\"https:\\\/\\\/www.instagram.com\\\/morales.casa\\\/\",\"https:\\\/\\\/www.linkedin.com\\\/company\\\/morales-casa\\\/about\\\/\"]}]}<\/script>\n<!-- \/ Yoast SEO plugin. -->","yoast_head_json":{"title":"Aviso Legal - Morales Casa","robots":{"index":"index","follow":"follow","max-snippet":"max-snippet:-1","max-image-preview":"max-image-preview:large","max-video-preview":"max-video-preview:-1"},"canonical":"https:\/\/moralescasa.com\/es\/aviso-legal\/","og_locale":"es_ES","og_type":"article","og_title":"Aviso Legal - Morales Casa","og_description":"[vc_section full_width=\u00bbstretch_row\u00bb pix_over_visibility=\u00bb\u00bb css=\u00bb.vc_custom_1600640747972{padding-top: 80px !important;padding-bottom: 80px !important;}\u00bb][vc_row content_placement=\u00bbmiddle\u00bb pix_particles_check=\u00bb\u00bb css=\u00bb.vc_custom_1690109805741{padding-top: 30px !important;padding-bottom: 30px !important;}\u00bb][vc_column content_align=\u00bbtext-center\u00bb css=\u00bb.vc_custom_1592137735614{padding-right: 30px !important;padding-left: 30px !important;}\u00bb][\/vc_column][\/vc_row][\/vc_section][vc_row pix_particles_check=\u00bb\u00bb][vc_column][vc_column_text] TEXTIL HOGAR MORALES SL, CALLE PAU CASALS 35 08291 RIPOLLET, BARCELONA B60445020, pone a disposici\u00f3n en su sitio...","og_url":"https:\/\/moralescasa.com\/es\/aviso-legal\/","og_site_name":"Morales Casa","article_publisher":"https:\/\/es-la.facebook.com\/moralesCasa\/","article_modified_time":"2023-08-19T09:23:22+00:00","og_image":[{"width":1024,"height":768,"url":"https:\/\/moralescasa.com\/wp-content\/uploads\/2023\/08\/botiga-morales-casa-2.jpg","type":"image\/jpeg"}],"twitter_card":"summary_large_image","twitter_misc":{"Tiempo de lectura":"8 minutos"},"schema":{"@context":"https:\/\/schema.org","@graph":[{"@type":"WebPage","@id":"https:\/\/moralescasa.com\/es\/aviso-legal\/","url":"https:\/\/moralescasa.com\/es\/aviso-legal\/","name":"Aviso Legal - Morales Casa","isPartOf":{"@id":"https:\/\/moralescasa.com\/es\/#website"},"datePublished":"2023-08-11T10:50:19+00:00","dateModified":"2023-08-19T09:23:22+00:00","breadcrumb":{"@id":"https:\/\/moralescasa.com\/es\/aviso-legal\/#breadcrumb"},"inLanguage":"es","potentialAction":[{"@type":"ReadAction","target":["https:\/\/moralescasa.com\/es\/aviso-legal\/"]}]},{"@type":"BreadcrumbList","@id":"https:\/\/moralescasa.com\/es\/aviso-legal\/#breadcrumb","itemListElement":[{"@type":"ListItem","position":1,"name":"Inici","item":"https:\/\/moralescasa.com\/es\/"},{"@type":"ListItem","position":2,"name":"Aviso Legal"}]},{"@type":"WebSite","@id":"https:\/\/moralescasa.com\/es\/#website","url":"https:\/\/moralescasa.com\/es\/","name":"Morales Casa","description":"","publisher":{"@id":"https:\/\/moralescasa.com\/es\/#organization"},"potentialAction":[{"@type":"SearchAction","target":{"@type":"EntryPoint","urlTemplate":"https:\/\/moralescasa.com\/es\/?s={search_term_string}"},"query-input":{"@type":"PropertyValueSpecification","valueRequired":true,"valueName":"search_term_string"}}],"inLanguage":"es"},{"@type":"Organization","@id":"https:\/\/moralescasa.com\/es\/#organization","name":"Morales Casa","url":"https:\/\/moralescasa.com\/es\/","logo":{"@type":"ImageObject","inLanguage":"es","@id":"https:\/\/moralescasa.com\/es\/#\/schema\/logo\/image\/","url":"https:\/\/moralescasa.com\/wp-content\/uploads\/2023\/03\/favicon.png","contentUrl":"https:\/\/moralescasa.com\/wp-content\/uploads\/2023\/03\/favicon.png","width":120,"height":120,"caption":"Morales Casa"},"image":{"@id":"https:\/\/moralescasa.com\/es\/#\/schema\/logo\/image\/"},"sameAs":["https:\/\/es-la.facebook.com\/moralesCasa\/","https:\/\/www.instagram.com\/morales.casa\/","https:\/\/www.linkedin.com\/company\/morales-casa\/about\/"]}]}},"_links":{"self":[{"href":"https:\/\/moralescasa.com\/es\/wp-json\/wp\/v2\/pages\/13947","targetHints":{"allow":["GET"]}}],"collection":[{"href":"https:\/\/moralescasa.com\/es\/wp-json\/wp\/v2\/pages"}],"about":[{"href":"https:\/\/moralescasa.com\/es\/wp-json\/wp\/v2\/types\/page"}],"author":[{"embeddable":true,"href":"https:\/\/moralescasa.com\/es\/wp-json\/wp\/v2\/users\/2"}],"replies":[{"embeddable":true,"href":"https:\/\/moralescasa.com\/es\/wp-json\/wp\/v2\/comments?post=13947"}],"version-history":[{"count":3,"href":"https:\/\/moralescasa.com\/es\/wp-json\/wp\/v2\/pages\/13947\/revisions"}],"predecessor-version":[{"id":14173,"href":"https:\/\/moralescasa.com\/es\/wp-json\/wp\/v2\/pages\/13947\/revisions\/14173"}],"wp:attachment":[{"href":"https:\/\/moralescasa.com\/es\/wp-json\/wp\/v2\/media?parent=13947"}],"curies":[{"name":"wp","href":"https:\/\/api.w.org\/{rel}","templated":true}]}}