{"id":14126,"date":"2023-03-10T19:26:36","date_gmt":"2023-03-10T19:26:36","guid":{"rendered":"http:\/\/moralescasa.com\/cortinas\/"},"modified":"2023-08-19T09:23:44","modified_gmt":"2023-08-19T09:23:44","slug":"cortinas","status":"publish","type":"page","link":"https:\/\/moralescasa.com\/es\/cortinas\/","title":{"rendered":"Cortinas"},"content":{"rendered":"<div class=\"wpb-content-wrapper\">[vc_section full_width=\u00bbstretch_row\u00bb pix_over_visibility=\u00bb\u00bb css=\u00bb.vc_custom_1592311464490{padding-top: 80px !important;padding-bottom: 80px !important;background-color: #f8f9fa !important;}\u00bb][vc_row pix_particles_check=\u00bb\u00bb][vc_column content_align=\u00bbtext-center\u00bb]<div class=\"pix-el-text w-100   vc_custom_1689703256684\" ><div class=\"d-inline-block\" style=\"max-width:600px;\"><p class=\"text-18 m-0 text-heading-default  font-weight-bold\" ><span class=\"text-heading-default animate-in d-inline-block\" data-anim-delay=\"200\" data-anim-type=\"fade-in-up\">Hacemos todas las cortinas a medida<\/span><\/p><\/div><\/div><div id=\"el1679069463364-d63f7d1b-cf21\" class=\"mb-3 text-left  vc_custom_1689618859340\"><h1 class=\"mb-32 pix-sliding-headline-2 animate-in font-weight-bold secondary-font \" data-anim-type=\"pix-sliding-text\" pix-anim-delay=\"500\" data-class=\"secondary-font text-gradient-primary\" style=\"\"><span class=\"slide-in-container \"><span class=\"pix-sliding-item secondary-font text-gradient-primary\" style=\"transition-delay: 0ms;\">Cortinas&#32;<\/span><\/span> <span class=\"slide-in-container \"><span class=\"pix-sliding-item secondary-font text-gradient-primary\" style=\"transition-delay: 150ms;\">de&#32;<\/span><\/span> <span class=\"slide-in-container \"><span class=\"pix-sliding-item secondary-font text-gradient-primary\" style=\"transition-delay: 300ms;\">decoraci\u00f3n&#32;<\/span><\/span> <span class=\"slide-in-container \"><span class=\"pix-sliding-item secondary-font text-gradient-primary\" style=\"transition-delay: 450ms;\">textil&#32;<\/span><\/span> <span class=\"slide-in-container \"><span class=\"pix-sliding-item secondary-font text-gradient-primary\" style=\"transition-delay: 600ms;\">de&#32;<\/span><\/span> <span class=\"slide-in-container \"><span class=\"pix-sliding-item secondary-font text-gradient-primary\" style=\"transition-delay: 750ms;\">interior&#32;<\/span><\/span> <\/h1><\/div><div class=\"pix-el-text w-100   vc_custom_1689618794021\" ><div class=\"d-inline-block\" style=\"max-width:600px;\"><p class=\"text-18  text-body-default  \" ><span class=\"text-body-default animate-in d-inline-block\" data-anim-delay=\"900\" data-anim-type=\"fade-in-up\">Si tienes dudas a la hora de elegir el sistema o el tejido de la cortina, d\u00e9jate asesorar por nosotros.<\/span><\/p><\/div><\/div>[\/vc_column][\/vc_row][vc_row content_placement=\u00bbmiddle\u00bb pix_particles_check=\u00bb\u00bb css=\u00bb.vc_custom_1591147247729{padding-top: 40px !important;}\u00bb][vc_column width=\u00bb1\/3&#8243;]<div class=\"card pix-content-box pix-card-element bg-white2 rounded-xl   vc_custom_1692434408599  rounded-xl  overflow-hidden shadow shadow-hover fly-sm\" ><a   href=\"http:\/\/moralescasa.com\/es\/cortinas\/tradicionales\/\"><img decoding=\"async\"   srcset=\"https:\/\/moralescasa.com\/wp-content\/uploads\/2023\/03\/eduard-Q4PvX80itZ0-unsplash-300x200.jpg 300w, https:\/\/moralescasa.com\/wp-content\/uploads\/2023\/03\/eduard-Q4PvX80itZ0-unsplash-768x512.jpg 768w, https:\/\/moralescasa.com\/wp-content\/uploads\/2023\/03\/eduard-Q4PvX80itZ0-unsplash.jpg 1024w\" src=\"https:\/\/moralescasa.com\/wp-content\/uploads\/2023\/03\/eduard-Q4PvX80itZ0-unsplash.jpg\" alt=\"Tradicionales\"><\/a><div class=\"pix-card-content bg-white\"><div class=\"card-body py-3\"><h5 style=\"\" class=\"card-title font-weight-bold text-heading-default\">Tradicionales<\/h5><p class=\"card-text text-body-default \" >Un tejido que aporta el m\u00e1ximo en la decoraci\u00f3n de tu estancia.<\/p><\/div><div class=\"card-footer text-right\"><a   href=\"http:\/\/moralescasa.com\/es\/cortinas\/tradicionales\/\"  class=\"d-flex align-items-center justify-content-end font-weight-bold text-body-default text-sm\"><span class=\"d-inline-block\">Tradicionales<\/span><svg class=\"pixfort-icon ml-1\" width=\"24\" height=\"24\"  data-name=\"Line\/pixfort-icon-arrow-right-2\" viewBox=\"2 2 20 20\"><polyline fill=\"none\" stroke=\"var(--pf-icon-color)\" stroke-linecap=\"round\" stroke-linejoin=\"round\" stroke-width=\"var(--pf-icon-stroke-width)\" points=\"9.5 17 14.5 12 9.5 7\"\/><\/svg><\/a><\/div><\/div><\/div>[\/vc_column][vc_column width=\u00bb1\/3&#8243;]<div class=\"card pix-content-box pix-card-element bg-white2 rounded-xl   vc_custom_1692434416776  rounded-xl  overflow-hidden shadow shadow-hover fly-sm\" ><a   href=\"http:\/\/moralescasa.com\/es\/cortinas\/estores\/\"><img decoding=\"async\"   srcset=\"https:\/\/moralescasa.com\/wp-content\/uploads\/2023\/07\/cortina-estor-destacada-morales-casa-300x200.jpg 300w, https:\/\/moralescasa.com\/wp-content\/uploads\/2023\/07\/cortina-estor-destacada-morales-casa-768x512.jpg 768w, https:\/\/moralescasa.com\/wp-content\/uploads\/2023\/07\/cortina-estor-destacada-morales-casa.jpg 1024w\" src=\"https:\/\/moralescasa.com\/wp-content\/uploads\/2023\/07\/cortina-estor-destacada-morales-casa.jpg\" alt=\"Estores\"><\/a><div class=\"pix-card-content bg-white\"><div class=\"card-body py-3\"><h5 style=\"\" class=\"card-title font-weight-bold text-heading-default\">Estores<\/h5><p class=\"card-text text-body-default \" >Sofisticados y elegantes. Crean ambientes acogedores y de aspecto confortable.<\/p><\/div><div class=\"card-footer text-right\"><a   href=\"http:\/\/moralescasa.com\/es\/cortinas\/estores\/\"  class=\"d-flex align-items-center justify-content-end font-weight-bold text-body-default text-sm\"><span class=\"d-inline-block\">Estores<\/span><svg class=\"pixfort-icon ml-1\" width=\"24\" height=\"24\"  data-name=\"Line\/pixfort-icon-arrow-right-2\" viewBox=\"2 2 20 20\"><polyline fill=\"none\" stroke=\"var(--pf-icon-color)\" stroke-linecap=\"round\" stroke-linejoin=\"round\" stroke-width=\"var(--pf-icon-stroke-width)\" points=\"9.5 17 14.5 12 9.5 7\"\/><\/svg><\/a><\/div><\/div><\/div>[\/vc_column][vc_column width=\u00bb1\/3&#8243;]<div class=\"card pix-content-box pix-card-element bg-white2 rounded-xl   vc_custom_1692434423544  rounded-xl  overflow-hidden shadow shadow-hover fly-sm\" ><a   href=\"http:\/\/moralescasa.com\/es\/cortinas\/enrollables\/\"><img decoding=\"async\"   srcset=\"https:\/\/moralescasa.com\/wp-content\/uploads\/2023\/07\/cortinas-enrollables-morales-casa-5-300x200.jpg 300w, https:\/\/moralescasa.com\/wp-content\/uploads\/2023\/07\/cortinas-enrollables-morales-casa-5-768x512.jpg 768w, https:\/\/moralescasa.com\/wp-content\/uploads\/2023\/07\/cortinas-enrollables-morales-casa-5.jpg 1024w\" src=\"https:\/\/moralescasa.com\/wp-content\/uploads\/2023\/07\/cortinas-enrollables-morales-casa-5.jpg\" alt=\"Enrollables\"><\/a><div class=\"pix-card-content bg-white\"><div class=\"card-body py-3\"><h5 style=\"\" class=\"card-title font-weight-bold text-heading-default\">Enrollables<\/h5><p class=\"card-text text-body-default \" >Con su dise\u00f1o fino y discreto, dejan libre la ventana o el lugar de paso.<\/p><\/div><div class=\"card-footer text-right\"><a   href=\"http:\/\/moralescasa.com\/es\/cortinas\/enrollables\/\"  class=\"d-flex align-items-center justify-content-end font-weight-bold text-body-default text-sm\"><span class=\"d-inline-block\">Enrollables<\/span><svg class=\"pixfort-icon ml-1\" width=\"24\" height=\"24\"  data-name=\"Line\/pixfort-icon-arrow-right-2\" viewBox=\"2 2 20 20\"><polyline fill=\"none\" stroke=\"var(--pf-icon-color)\" stroke-linecap=\"round\" stroke-linejoin=\"round\" stroke-width=\"var(--pf-icon-stroke-width)\" points=\"9.5 17 14.5 12 9.5 7\"\/><\/svg><\/a><\/div><\/div><\/div>[\/vc_column][\/vc_row][vc_row content_placement=\u00bbmiddle\u00bb pix_particles_check=\u00bb\u00bb css=\u00bb.vc_custom_1591147247729{padding-top: 40px !important;}\u00bb][vc_column width=\u00bb1\/3&#8243;]<div class=\"card pix-content-box pix-card-element bg-white2 rounded-xl   vc_custom_1692434432270  rounded-xl  overflow-hidden shadow shadow-hover fly-sm\" ><a   href=\"http:\/\/moralescasa.com\/es\/cortinas\/onda-perfecta\/\"><img decoding=\"async\"   srcset=\"https:\/\/moralescasa.com\/wp-content\/uploads\/2023\/07\/cortines-ona-perfecta-morales-casa-3-300x200.jpg 300w, https:\/\/moralescasa.com\/wp-content\/uploads\/2023\/07\/cortines-ona-perfecta-morales-casa-3-768x512.jpg 768w, https:\/\/moralescasa.com\/wp-content\/uploads\/2023\/07\/cortines-ona-perfecta-morales-casa-3.jpg 1024w\" src=\"https:\/\/moralescasa.com\/wp-content\/uploads\/2023\/07\/cortines-ona-perfecta-morales-casa-3.jpg\" alt=\"Onda perfecta\"><\/a><div class=\"pix-card-content bg-white\"><div class=\"card-body py-3\"><h5 style=\"\" class=\"card-title font-weight-bold text-heading-default\">Onda perfecta<\/h5><p class=\"card-text text-body-default \" >Si te gusta que el tejido caiga libre, pero no el desorden, esta es tu cortina.<\/p><\/div><div class=\"card-footer text-right\"><a   href=\"http:\/\/moralescasa.com\/es\/cortinas\/onda-perfecta\/\"  class=\"d-flex align-items-center justify-content-end font-weight-bold text-body-default text-sm\"><span class=\"d-inline-block\">Onda perfecta<\/span><svg class=\"pixfort-icon ml-1\" width=\"24\" height=\"24\"  data-name=\"Line\/pixfort-icon-arrow-right-2\" viewBox=\"2 2 20 20\"><polyline fill=\"none\" stroke=\"var(--pf-icon-color)\" stroke-linecap=\"round\" stroke-linejoin=\"round\" stroke-width=\"var(--pf-icon-stroke-width)\" points=\"9.5 17 14.5 12 9.5 7\"\/><\/svg><\/a><\/div><\/div><\/div>[\/vc_column][vc_column width=\u00bb1\/3&#8243;]<div class=\"card pix-content-box pix-card-element bg-white2 rounded-xl   vc_custom_1692434448136  rounded-xl  overflow-hidden shadow shadow-hover fly-sm\" ><a   href=\"http:\/\/moralescasa.com\/es\/cortinas\/panel-japones\/\"><img decoding=\"async\"   srcset=\"https:\/\/moralescasa.com\/wp-content\/uploads\/2023\/07\/cortines-panell-japones-morales-casa-2-300x200.jpg 300w, https:\/\/moralescasa.com\/wp-content\/uploads\/2023\/07\/cortines-panell-japones-morales-casa-2-768x512.jpg 768w, https:\/\/moralescasa.com\/wp-content\/uploads\/2023\/07\/cortines-panell-japones-morales-casa-2.jpg 1024w\" src=\"https:\/\/moralescasa.com\/wp-content\/uploads\/2023\/07\/cortines-panell-japones-morales-casa-2.jpg\" alt=\"Panel Japon\u00e9s\"><\/a><div class=\"pix-card-content bg-white\"><div class=\"card-body py-3\"><h5 style=\"\" class=\"card-title font-weight-bold text-heading-default\">Panel Japon\u00e9s<\/h5><p class=\"card-text text-body-default \" >Una muy buena opci\u00f3n, adapt\u00e1ndose en lugares de tr\u00e1fico y con un mantenimiento sencillo.<\/p><\/div><div class=\"card-footer text-right\"><a   href=\"http:\/\/moralescasa.com\/es\/cortinas\/panel-japones\/\"  class=\"d-flex align-items-center justify-content-end font-weight-bold text-body-default text-sm\"><span class=\"d-inline-block\">Panel Japon\u00e9s<\/span><svg class=\"pixfort-icon ml-1\" width=\"24\" height=\"24\"  data-name=\"Line\/pixfort-icon-arrow-right-2\" viewBox=\"2 2 20 20\"><polyline fill=\"none\" stroke=\"var(--pf-icon-color)\" stroke-linecap=\"round\" stroke-linejoin=\"round\" stroke-width=\"var(--pf-icon-stroke-width)\" points=\"9.5 17 14.5 12 9.5 7\"\/><\/svg><\/a><\/div><\/div><\/div>[\/vc_column][vc_column width=\u00bb1\/3&#8243;]<div class=\"card pix-content-box pix-card-element bg-white2 rounded-xl   vc_custom_1692434468568  rounded-xl  overflow-hidden shadow shadow-hover fly-sm\" ><a   href=\"http:\/\/moralescasa.com\/es\/cortinas\/verticales\/\"><img decoding=\"async\"   srcset=\"https:\/\/moralescasa.com\/wp-content\/uploads\/2023\/07\/cortines-verticals-morales-casa-7-300x200.jpg 300w, https:\/\/moralescasa.com\/wp-content\/uploads\/2023\/07\/cortines-verticals-morales-casa-7-768x512.jpg 768w, https:\/\/moralescasa.com\/wp-content\/uploads\/2023\/07\/cortines-verticals-morales-casa-7.jpg 1024w\" src=\"https:\/\/moralescasa.com\/wp-content\/uploads\/2023\/07\/cortines-verticals-morales-casa-7.jpg\" alt=\"Verticales\"><\/a><div class=\"pix-card-content bg-white\"><div class=\"card-body py-3\"><h5 style=\"\" class=\"card-title font-weight-bold text-heading-default\">Verticales<\/h5><p class=\"card-text text-body-default \" >Crea ambientes muy interesantes gracias a su juego de luces y sombras.<\/p><\/div><div class=\"card-footer text-right\"><a   href=\"http:\/\/moralescasa.com\/es\/cortinas\/verticales\/\"  class=\"d-flex align-items-center justify-content-end font-weight-bold text-body-default text-sm\"><span class=\"d-inline-block\">Verticales<\/span><svg class=\"pixfort-icon ml-1\" width=\"24\" height=\"24\"  data-name=\"Line\/pixfort-icon-arrow-right-2\" viewBox=\"2 2 20 20\"><polyline fill=\"none\" stroke=\"var(--pf-icon-color)\" stroke-linecap=\"round\" stroke-linejoin=\"round\" stroke-width=\"var(--pf-icon-stroke-width)\" points=\"9.5 17 14.5 12 9.5 7\"\/><\/svg><\/a><\/div><\/div><\/div>[\/vc_column][\/vc_row][\/vc_section]<\/div>","protected":false},"excerpt":{"rendered":"[vc_section full_width=\u00bbstretch_row\u00bb pix_over_visibility=\u00bb\u00bb css=\u00bb.vc_custom_1592311464490{padding-top: 80px !important;padding-bottom: 80px !important;background-color: #f8f9fa !important;}\u00bb][vc_row pix_particles_check=\u00bb\u00bb][vc_column content_align=\u00bbtext-center\u00bb][\/vc_column][\/vc_row][vc_row content_placement=\u00bbmiddle\u00bb pix_particles_check=\u00bb\u00bb css=\u00bb.vc_custom_1591147247729{padding-top: 40px !important;}\u00bb][vc_column width=\u00bb1\/3&#8243;][\/vc_column][vc_column width=\u00bb1\/3&#8243;][\/vc_column][vc_column width=\u00bb1\/3&#8243;][\/vc_column][\/vc_row][vc_row content_placement=\u00bbmiddle\u00bb pix_particles_check=\u00bb\u00bb css=\u00bb.vc_custom_1591147247729{padding-top: 40px !important;}\u00bb][vc_column width=\u00bb1\/3&#8243;][\/vc_column][vc_column width=\u00bb1\/3&#8243;][\/vc_column][vc_column width=\u00bb1\/3&#8243;][\/vc_column][\/vc_row][\/vc_section]","protected":false},"author":1,"featured_media":0,"parent":0,"menu_order":0,"comment_status":"closed","ping_status":"closed","template":"","meta":{"footnotes":""},"class_list":["post-14126","page","type-page","status-publish","hentry"],"yoast_head":"<!-- This site is optimized with the Yoast SEO plugin v27.5 - https:\/\/yoast.com\/product\/yoast-seo-wordpress\/ -->\n<title>Cortinas - Morales Casa<\/title>\n<meta name=\"robots\" content=\"index, follow, max-snippet:-1, max-image-preview:large, max-video-preview:-1\" \/>\n<link rel=\"canonical\" href=\"https:\/\/moralescasa.com\/es\/cortinas\/\" \/>\n<meta property=\"og:locale\" content=\"es_ES\" \/>\n<meta property=\"og:type\" content=\"article\" \/>\n<meta property=\"og:title\" content=\"Cortinas - Morales Casa\" \/>\n<meta property=\"og:description\" content=\"[vc_section full_width=\u00bbstretch_row\u00bb pix_over_visibility=\u00bb\u00bb css=\u00bb.vc_custom_1592311464490{padding-top: 80px !important;padding-bottom: 80px !important;background-color: #f8f9fa !important;}\u00bb][vc_row pix_particles_check=\u00bb\u00bb][vc_column content_align=\u00bbtext-center\u00bb][\/vc_column][\/vc_row][vc_row content_placement=\u00bbmiddle\u00bb pix_particles_check=\u00bb\u00bb css=\u00bb.vc_custom_1591147247729{padding-top: 40px !important;}\u00bb][vc_column width=\u00bb1\/3&#8243;][\/vc_column][vc_column width=\u00bb1\/3&#8243;][\/vc_column][vc_column width=\u00bb1\/3&#8243;][\/vc_column][\/vc_row][vc_row content_placement=\u00bbmiddle\u00bb pix_particles_check=\u00bb\u00bb css=\u00bb.vc_custom_1591147247729{padding-top: 40px !important;}\u00bb][vc_column width=\u00bb1\/3&#8243;][\/vc_column][vc_column width=\u00bb1\/3&#8243;][\/vc_column][vc_column width=\u00bb1\/3&#8243;][\/vc_column][\/vc_row][\/vc_section]\" \/>\n<meta property=\"og:url\" content=\"https:\/\/moralescasa.com\/es\/cortinas\/\" \/>\n<meta property=\"og:site_name\" content=\"Morales Casa\" \/>\n<meta property=\"article:publisher\" content=\"https:\/\/es-la.facebook.com\/moralesCasa\/\" \/>\n<meta property=\"article:modified_time\" content=\"2023-08-19T09:23:44+00:00\" \/>\n<meta property=\"og:image\" content=\"https:\/\/moralescasa.com\/wp-content\/uploads\/2023\/08\/botiga-morales-casa-2.jpg\" \/>\n\t<meta property=\"og:image:width\" content=\"1024\" \/>\n\t<meta property=\"og:image:height\" content=\"768\" \/>\n\t<meta property=\"og:image:type\" content=\"image\/jpeg\" \/>\n<meta name=\"twitter:card\" content=\"summary_large_image\" \/>\n<meta name=\"twitter:label1\" content=\"Tiempo de lectura\" \/>\n\t<meta name=\"twitter:data1\" content=\"3 minutos\" \/>\n<script type=\"application\/ld+json\" class=\"yoast-schema-graph\">{\"@context\":\"https:\\\/\\\/schema.org\",\"@graph\":[{\"@type\":\"WebPage\",\"@id\":\"https:\\\/\\\/moralescasa.com\\\/es\\\/cortinas\\\/\",\"url\":\"https:\\\/\\\/moralescasa.com\\\/es\\\/cortinas\\\/\",\"name\":\"Cortinas - Morales Casa\",\"isPartOf\":{\"@id\":\"https:\\\/\\\/moralescasa.com\\\/es\\\/#website\"},\"datePublished\":\"2023-03-10T19:26:36+00:00\",\"dateModified\":\"2023-08-19T09:23:44+00:00\",\"breadcrumb\":{\"@id\":\"https:\\\/\\\/moralescasa.com\\\/es\\\/cortinas\\\/#breadcrumb\"},\"inLanguage\":\"es\",\"potentialAction\":[{\"@type\":\"ReadAction\",\"target\":[\"https:\\\/\\\/moralescasa.com\\\/es\\\/cortinas\\\/\"]}]},{\"@type\":\"BreadcrumbList\",\"@id\":\"https:\\\/\\\/moralescasa.com\\\/es\\\/cortinas\\\/#breadcrumb\",\"itemListElement\":[{\"@type\":\"ListItem\",\"position\":1,\"name\":\"Inici\",\"item\":\"https:\\\/\\\/moralescasa.com\\\/es\\\/\"},{\"@type\":\"ListItem\",\"position\":2,\"name\":\"Cortinas\"}]},{\"@type\":\"WebSite\",\"@id\":\"https:\\\/\\\/moralescasa.com\\\/es\\\/#website\",\"url\":\"https:\\\/\\\/moralescasa.com\\\/es\\\/\",\"name\":\"Morales Casa\",\"description\":\"\",\"publisher\":{\"@id\":\"https:\\\/\\\/moralescasa.com\\\/es\\\/#organization\"},\"potentialAction\":[{\"@type\":\"SearchAction\",\"target\":{\"@type\":\"EntryPoint\",\"urlTemplate\":\"https:\\\/\\\/moralescasa.com\\\/es\\\/?s={search_term_string}\"},\"query-input\":{\"@type\":\"PropertyValueSpecification\",\"valueRequired\":true,\"valueName\":\"search_term_string\"}}],\"inLanguage\":\"es\"},{\"@type\":\"Organization\",\"@id\":\"https:\\\/\\\/moralescasa.com\\\/es\\\/#organization\",\"name\":\"Morales Casa\",\"url\":\"https:\\\/\\\/moralescasa.com\\\/es\\\/\",\"logo\":{\"@type\":\"ImageObject\",\"inLanguage\":\"es\",\"@id\":\"https:\\\/\\\/moralescasa.com\\\/es\\\/#\\\/schema\\\/logo\\\/image\\\/\",\"url\":\"https:\\\/\\\/moralescasa.com\\\/wp-content\\\/uploads\\\/2023\\\/03\\\/favicon.png\",\"contentUrl\":\"https:\\\/\\\/moralescasa.com\\\/wp-content\\\/uploads\\\/2023\\\/03\\\/favicon.png\",\"width\":120,\"height\":120,\"caption\":\"Morales Casa\"},\"image\":{\"@id\":\"https:\\\/\\\/moralescasa.com\\\/es\\\/#\\\/schema\\\/logo\\\/image\\\/\"},\"sameAs\":[\"https:\\\/\\\/es-la.facebook.com\\\/moralesCasa\\\/\",\"https:\\\/\\\/www.instagram.com\\\/morales.casa\\\/\",\"https:\\\/\\\/www.linkedin.com\\\/company\\\/morales-casa\\\/about\\\/\"]}]}<\/script>\n<!-- \/ Yoast SEO plugin. -->","yoast_head_json":{"title":"Cortinas - Morales Casa","robots":{"index":"index","follow":"follow","max-snippet":"max-snippet:-1","max-image-preview":"max-image-preview:large","max-video-preview":"max-video-preview:-1"},"canonical":"https:\/\/moralescasa.com\/es\/cortinas\/","og_locale":"es_ES","og_type":"article","og_title":"Cortinas - Morales Casa","og_description":"[vc_section full_width=\u00bbstretch_row\u00bb pix_over_visibility=\u00bb\u00bb css=\u00bb.vc_custom_1592311464490{padding-top: 80px !important;padding-bottom: 80px !important;background-color: #f8f9fa !important;}\u00bb][vc_row pix_particles_check=\u00bb\u00bb][vc_column content_align=\u00bbtext-center\u00bb][\/vc_column][\/vc_row][vc_row content_placement=\u00bbmiddle\u00bb pix_particles_check=\u00bb\u00bb css=\u00bb.vc_custom_1591147247729{padding-top: 40px !important;}\u00bb][vc_column width=\u00bb1\/3&#8243;][\/vc_column][vc_column width=\u00bb1\/3&#8243;][\/vc_column][vc_column width=\u00bb1\/3&#8243;][\/vc_column][\/vc_row][vc_row content_placement=\u00bbmiddle\u00bb pix_particles_check=\u00bb\u00bb css=\u00bb.vc_custom_1591147247729{padding-top: 40px !important;}\u00bb][vc_column width=\u00bb1\/3&#8243;][\/vc_column][vc_column width=\u00bb1\/3&#8243;][\/vc_column][vc_column width=\u00bb1\/3&#8243;][\/vc_column][\/vc_row][\/vc_section]","og_url":"https:\/\/moralescasa.com\/es\/cortinas\/","og_site_name":"Morales Casa","article_publisher":"https:\/\/es-la.facebook.com\/moralesCasa\/","article_modified_time":"2023-08-19T09:23:44+00:00","og_image":[{"width":1024,"height":768,"url":"https:\/\/moralescasa.com\/wp-content\/uploads\/2023\/08\/botiga-morales-casa-2.jpg","type":"image\/jpeg"}],"twitter_card":"summary_large_image","twitter_misc":{"Tiempo de lectura":"3 minutos"},"schema":{"@context":"https:\/\/schema.org","@graph":[{"@type":"WebPage","@id":"https:\/\/moralescasa.com\/es\/cortinas\/","url":"https:\/\/moralescasa.com\/es\/cortinas\/","name":"Cortinas - Morales Casa","isPartOf":{"@id":"https:\/\/moralescasa.com\/es\/#website"},"datePublished":"2023-03-10T19:26:36+00:00","dateModified":"2023-08-19T09:23:44+00:00","breadcrumb":{"@id":"https:\/\/moralescasa.com\/es\/cortinas\/#breadcrumb"},"inLanguage":"es","potentialAction":[{"@type":"ReadAction","target":["https:\/\/moralescasa.com\/es\/cortinas\/"]}]},{"@type":"BreadcrumbList","@id":"https:\/\/moralescasa.com\/es\/cortinas\/#breadcrumb","itemListElement":[{"@type":"ListItem","position":1,"name":"Inici","item":"https:\/\/moralescasa.com\/es\/"},{"@type":"ListItem","position":2,"name":"Cortinas"}]},{"@type":"WebSite","@id":"https:\/\/moralescasa.com\/es\/#website","url":"https:\/\/moralescasa.com\/es\/","name":"Morales Casa","description":"","publisher":{"@id":"https:\/\/moralescasa.com\/es\/#organization"},"potentialAction":[{"@type":"SearchAction","target":{"@type":"EntryPoint","urlTemplate":"https:\/\/moralescasa.com\/es\/?s={search_term_string}"},"query-input":{"@type":"PropertyValueSpecification","valueRequired":true,"valueName":"search_term_string"}}],"inLanguage":"es"},{"@type":"Organization","@id":"https:\/\/moralescasa.com\/es\/#organization","name":"Morales Casa","url":"https:\/\/moralescasa.com\/es\/","logo":{"@type":"ImageObject","inLanguage":"es","@id":"https:\/\/moralescasa.com\/es\/#\/schema\/logo\/image\/","url":"https:\/\/moralescasa.com\/wp-content\/uploads\/2023\/03\/favicon.png","contentUrl":"https:\/\/moralescasa.com\/wp-content\/uploads\/2023\/03\/favicon.png","width":120,"height":120,"caption":"Morales Casa"},"image":{"@id":"https:\/\/moralescasa.com\/es\/#\/schema\/logo\/image\/"},"sameAs":["https:\/\/es-la.facebook.com\/moralesCasa\/","https:\/\/www.instagram.com\/morales.casa\/","https:\/\/www.linkedin.com\/company\/morales-casa\/about\/"]}]}},"_links":{"self":[{"href":"https:\/\/moralescasa.com\/es\/wp-json\/wp\/v2\/pages\/14126","targetHints":{"allow":["GET"]}}],"collection":[{"href":"https:\/\/moralescasa.com\/es\/wp-json\/wp\/v2\/pages"}],"about":[{"href":"https:\/\/moralescasa.com\/es\/wp-json\/wp\/v2\/types\/page"}],"author":[{"embeddable":true,"href":"https:\/\/moralescasa.com\/es\/wp-json\/wp\/v2\/users\/1"}],"replies":[{"embeddable":true,"href":"https:\/\/moralescasa.com\/es\/wp-json\/wp\/v2\/comments?post=14126"}],"version-history":[{"count":6,"href":"https:\/\/moralescasa.com\/es\/wp-json\/wp\/v2\/pages\/14126\/revisions"}],"predecessor-version":[{"id":14176,"href":"https:\/\/moralescasa.com\/es\/wp-json\/wp\/v2\/pages\/14126\/revisions\/14176"}],"wp:attachment":[{"href":"https:\/\/moralescasa.com\/es\/wp-json\/wp\/v2\/media?parent=14126"}],"curies":[{"name":"wp","href":"https:\/\/api.w.org\/{rel}","templated":true}]}}